{"id":15,"date":"2013-06-03T11:13:52","date_gmt":"2013-06-03T10:13:52","guid":{"rendered":"http:\/\/www.lamaisongourmande.ch\/site\/?page_id=15"},"modified":"2025-07-08T11:01:33","modified_gmt":"2025-07-08T10:01:33","slug":"accueil","status":"publish","type":"page","link":"https:\/\/www.lamaisongourmande.ch\/site\/","title":{"rendered":"Accueil"},"content":{"rendered":"\t\t<div data-elementor-type=\"wp-page\" data-elementor-id=\"15\" class=\"elementor elementor-15\">\n\t\t\t\t\t\t<section class=\"elementor-section elementor-top-section elementor-element elementor-element-647359bb elementor-section-content-middle elementor-hidden-tablet elementor-hidden-mobile elementor-section-boxed elementor-section-height-default elementor-section-height-default\" data-id=\"647359bb\" data-element_type=\"section\" data-e-type=\"section\" data-settings=\"{&quot;background_background&quot;:&quot;classic&quot;}\">\n\t\t\t\t\t\t\t<div class=\"elementor-background-overlay\"><\/div>\n\t\t\t\t\t\t\t<div class=\"elementor-container elementor-column-gap-default\">\n\t\t\t\t\t<div class=\"elementor-column elementor-col-100 elementor-top-column elementor-element elementor-element-e6c719\" data-id=\"e6c719\" data-element_type=\"column\" data-e-type=\"column\">\n\t\t\t<div class=\"elementor-widget-wrap elementor-element-populated\">\n\t\t\t\t\t\t<div class=\"elementor-element elementor-element-1958b3f1 elementor-widget__width-initial elementor-widget elementor-widget-heading\" data-id=\"1958b3f1\" data-element_type=\"widget\" data-e-type=\"widget\" data-widget_type=\"heading.default\">\n\t\t\t\t<div class=\"elementor-widget-container\">\n\t\t\t\t\t<h2 class=\"elementor-heading-title elementor-size-default\">manger<br>ou<br>se nourrir<\/h2>\t\t\t\t<\/div>\n\t\t\t\t<\/div>\n\t\t\t\t\t<\/div>\n\t\t<\/div>\n\t\t\t\t\t<\/div>\n\t\t<\/section>\n\t\t\t\t<section class=\"elementor-section elementor-top-section elementor-element elementor-element-6998a2d6 elementor-section-content-middle elementor-hidden-desktop elementor-section-boxed elementor-section-height-default elementor-section-height-default\" data-id=\"6998a2d6\" data-element_type=\"section\" data-e-type=\"section\" data-settings=\"{&quot;background_background&quot;:&quot;classic&quot;}\">\n\t\t\t\t\t\t\t<div class=\"elementor-background-overlay\"><\/div>\n\t\t\t\t\t\t\t<div class=\"elementor-container elementor-column-gap-default\">\n\t\t\t\t\t<div class=\"elementor-column elementor-col-100 elementor-top-column elementor-element elementor-element-33c4674f\" data-id=\"33c4674f\" data-element_type=\"column\" data-e-type=\"column\" data-settings=\"{&quot;background_background&quot;:&quot;classic&quot;}\">\n\t\t\t<div class=\"elementor-widget-wrap elementor-element-populated\">\n\t\t\t\t\t\t<div class=\"elementor-element elementor-element-4ea9658b elementor-widget elementor-widget-heading\" data-id=\"4ea9658b\" data-element_type=\"widget\" data-e-type=\"widget\" data-widget_type=\"heading.default\">\n\t\t\t\t<div class=\"elementor-widget-container\">\n\t\t\t\t\t<h2 class=\"elementor-heading-title elementor-size-default\">Choisir de manger <br>ou <br>de se nourrir<\/h2>\t\t\t\t<\/div>\n\t\t\t\t<\/div>\n\t\t\t\t\t<\/div>\n\t\t<\/div>\n\t\t\t\t\t<\/div>\n\t\t<\/section>\n\t\t\t\t<section class=\"elementor-section elementor-top-section elementor-element elementor-element-78f1d826 elementor-section-boxed elementor-section-height-default elementor-section-height-default\" data-id=\"78f1d826\" data-element_type=\"section\" data-e-type=\"section\">\n\t\t\t\t\t\t<div class=\"elementor-container elementor-column-gap-default\">\n\t\t\t\t\t<div class=\"elementor-column elementor-col-100 elementor-top-column elementor-element elementor-element-67b54c7e\" data-id=\"67b54c7e\" data-element_type=\"column\" data-e-type=\"column\">\n\t\t\t<div class=\"elementor-widget-wrap elementor-element-populated\">\n\t\t\t\t\t\t<div class=\"elementor-element elementor-element-75ad7040 elementor-widget elementor-widget-text-editor\" data-id=\"75ad7040\" data-element_type=\"widget\" data-e-type=\"widget\" data-widget_type=\"text-editor.default\">\n\t\t\t\t<div class=\"elementor-widget-container\">\n\t\t\t\t\t\t\t\t\t<p>En chacun de nous sommeille l\u2019envie d\u2019apporter\u00a0sa touche personnelle \u00e0 la construction du monde de demain.<br class=\"\" \/><br class=\"\" \/>Et si on commen\u00e7ait par la gastronomie sant\u00e9 ?<br class=\"\" \/><br class=\"\" \/>R\u00e9duire le gaspillage alimentaire,\u00a0prot\u00e9ger l\u2019environnement, se soucier de son bien-\u00eatre ou encore <br \/>se nourrir d\u2019aliments sains, \u00e9coresponsables et durables.<br class=\"\" \/>Voici quelques solutions qui te permettent de <b>mieux vivre<\/b> en obtenant une sant\u00e9 de fer au quotidien.<br class=\"\" \/><br class=\"\" \/>Ensemble, prenons le temps de trouver ce qui te correspond ou celui pour ton entourage.<\/p>\t\t\t\t\t\t\t\t<\/div>\n\t\t\t\t<\/div>\n\t\t\t\t\t<\/div>\n\t\t<\/div>\n\t\t\t\t\t<\/div>\n\t\t<\/section>\n\t\t\t\t<section class=\"elementor-section elementor-top-section elementor-element elementor-element-63a5cfa elementor-section-content-middle elementor-section-boxed elementor-section-height-default elementor-section-height-default\" data-id=\"63a5cfa\" data-element_type=\"section\" data-e-type=\"section\" data-settings=\"{&quot;background_background&quot;:&quot;classic&quot;}\">\n\t\t\t\t\t\t<div class=\"elementor-container elementor-column-gap-default\">\n\t\t\t\t\t<div class=\"elementor-column elementor-col-100 elementor-top-column elementor-element elementor-element-5a946c4a\" data-id=\"5a946c4a\" data-element_type=\"column\" data-e-type=\"column\" data-settings=\"{&quot;background_background&quot;:&quot;classic&quot;}\">\n\t\t\t<div class=\"elementor-widget-wrap elementor-element-populated\">\n\t\t\t\t\t\t<div class=\"elementor-element elementor-element-60cbda41 elementor-widget elementor-widget-heading\" data-id=\"60cbda41\" data-element_type=\"widget\" data-e-type=\"widget\" data-widget_type=\"heading.default\">\n\t\t\t\t<div class=\"elementor-widget-container\">\n\t\t\t\t\t<h2 class=\"elementor-heading-title elementor-size-default\">OBJECTIF<\/h2>\t\t\t\t<\/div>\n\t\t\t\t<\/div>\n\t\t\t\t<div class=\"elementor-element elementor-element-562db009 elementor-widget elementor-widget-image\" data-id=\"562db009\" data-element_type=\"widget\" data-e-type=\"widget\" data-widget_type=\"image.default\">\n\t\t\t\t<div class=\"elementor-widget-container\">\n\t\t\t\t\t\t\t\t\t\t\t\t\t\t\t<img fetchpriority=\"high\" decoding=\"async\" width=\"512\" height=\"512\" src=\"https:\/\/www.lamaisongourmande.ch\/site\/wp-content\/uploads\/2021\/12\/citron.png\" class=\"attachment-large size-large wp-image-15252\" alt=\"\" srcset=\"https:\/\/www.lamaisongourmande.ch\/site\/wp-content\/uploads\/2021\/12\/citron.png 512w, https:\/\/www.lamaisongourmande.ch\/site\/wp-content\/uploads\/2021\/12\/citron-300x300.png 300w, https:\/\/www.lamaisongourmande.ch\/site\/wp-content\/uploads\/2021\/12\/citron-150x150.png 150w\" sizes=\"(max-width: 512px) 100vw, 512px\" \/>\t\t\t\t\t\t\t\t\t\t\t\t\t\t\t<\/div>\n\t\t\t\t<\/div>\n\t\t\t\t<div class=\"elementor-element elementor-element-431cb6b9 elementor-widget elementor-widget-text-editor\" data-id=\"431cb6b9\" data-element_type=\"widget\" data-e-type=\"widget\" data-widget_type=\"text-editor.default\">\n\t\t\t\t<div class=\"elementor-widget-container\">\n\t\t\t\t\t\t\t\t\t<p>Prendre le contr\u00f4le de ta <b>sant\u00e9<\/b> et de ton <b>bien-\u00eatre.<\/b><\/p><p>Nutritionniste et nutrith\u00e9rapeute, sp\u00e9cialis\u00e9e dans la sant\u00e9 mentale, la neuronutrition et la micronutrition.<\/p><p>Mon r\u00f4le est de t\u2019accompagner dans la voie de la <b>gu\u00e9rison<\/b> avec l\u2019aide d&rsquo;une alimentation saine, nutritive et durable, la phytoth\u00e9rapie et l&rsquo;algoth\u00e9rapie pour retrouver une paix int\u00e9rieur en toute s\u00e9r\u00e9nit\u00e9.<\/p><p>Dans le cadre d\u2019une <u>perte de poids<\/u>, d\u2019un <u>burnout<\/u> ou <u>d\u00e9pression<\/u>, de troubles de <u>sommeil<\/u> ou lors de maladies de civilisation (<u>diab\u00e8te<\/u>, <u>hypertension<\/u>, <u>cholest\u00e9rol<\/u>, <u>ob\u00e9sit\u00e9<\/u>), je te propose une approche int\u00e9grative en suivant des formations en ligne.<\/p>\t\t\t\t\t\t\t\t<\/div>\n\t\t\t\t<\/div>\n\t\t\t\t<div class=\"elementor-element elementor-element-12a70677 elementor-align-center elementor-widget elementor-widget-button\" data-id=\"12a70677\" data-element_type=\"widget\" data-e-type=\"widget\" data-widget_type=\"button.default\">\n\t\t\t\t<div class=\"elementor-widget-container\">\n\t\t\t\t\t\t\t\t\t<div class=\"elementor-button-wrapper\">\n\t\t\t\t\t<a class=\"elementor-button elementor-button-link elementor-size-sm\" href=\"https:\/\/www.lamaisongourmande.ch\/site\/a-propos\/\">\n\t\t\t\t\t\t<span class=\"elementor-button-content-wrapper\">\n\t\t\t\t\t\t\t\t\t<span class=\"elementor-button-text\">QUI SUIS-JE ?<\/span>\n\t\t\t\t\t<\/span>\n\t\t\t\t\t<\/a>\n\t\t\t\t<\/div>\n\t\t\t\t\t\t\t\t<\/div>\n\t\t\t\t<\/div>\n\t\t\t\t\t<\/div>\n\t\t<\/div>\n\t\t\t\t\t<\/div>\n\t\t<\/section>\n\t\t\t\t<section class=\"elementor-section elementor-top-section elementor-element elementor-element-66f48a7f elementor-section-boxed elementor-section-height-default elementor-section-height-default\" data-id=\"66f48a7f\" data-element_type=\"section\" data-e-type=\"section\">\n\t\t\t\t\t\t<div class=\"elementor-container elementor-column-gap-default\">\n\t\t\t\t\t<div class=\"elementor-column elementor-col-50 elementor-top-column elementor-element elementor-element-42471769\" data-id=\"42471769\" data-element_type=\"column\" data-e-type=\"column\">\n\t\t\t<div class=\"elementor-widget-wrap elementor-element-populated\">\n\t\t\t\t\t\t<section class=\"elementor-section elementor-inner-section elementor-element elementor-element-2340a299 elementor-section-height-min-height elementor-section-boxed elementor-section-height-default\" data-id=\"2340a299\" data-element_type=\"section\" data-e-type=\"section\">\n\t\t\t\t\t\t<div class=\"elementor-container elementor-column-gap-default\">\n\t\t\t\t\t<div class=\"elementor-column elementor-col-100 elementor-inner-column elementor-element elementor-element-1728cd01\" data-id=\"1728cd01\" data-element_type=\"column\" data-e-type=\"column\">\n\t\t\t<div class=\"elementor-widget-wrap elementor-element-populated\">\n\t\t\t\t\t\t<div class=\"elementor-element elementor-element-76056f2e elementor-widget elementor-widget-image\" data-id=\"76056f2e\" data-element_type=\"widget\" data-e-type=\"widget\" data-widget_type=\"image.default\">\n\t\t\t\t<div class=\"elementor-widget-container\">\n\t\t\t\t\t\t\t\t\t\t\t\t\t\t\t<img decoding=\"async\" width=\"512\" height=\"512\" src=\"https:\/\/www.lamaisongourmande.ch\/site\/wp-content\/uploads\/2021\/12\/pomme.png\" class=\"attachment-large size-large wp-image-15335\" alt=\"\" srcset=\"https:\/\/www.lamaisongourmande.ch\/site\/wp-content\/uploads\/2021\/12\/pomme.png 512w, https:\/\/www.lamaisongourmande.ch\/site\/wp-content\/uploads\/2021\/12\/pomme-300x300.png 300w, https:\/\/www.lamaisongourmande.ch\/site\/wp-content\/uploads\/2021\/12\/pomme-150x150.png 150w\" sizes=\"(max-width: 512px) 100vw, 512px\" \/>\t\t\t\t\t\t\t\t\t\t\t\t\t\t\t<\/div>\n\t\t\t\t<\/div>\n\t\t\t\t<div class=\"elementor-element elementor-element-607060c8 elementor-widget elementor-widget-heading\" data-id=\"607060c8\" data-element_type=\"widget\" data-e-type=\"widget\" data-widget_type=\"heading.default\">\n\t\t\t\t<div class=\"elementor-widget-container\">\n\t\t\t\t\t<h2 class=\"elementor-heading-title elementor-size-default\">sant\u00e9 mentale<\/h2>\t\t\t\t<\/div>\n\t\t\t\t<\/div>\n\t\t\t\t<div class=\"elementor-element elementor-element-b6cb5a4 elementor-widget elementor-widget-text-editor\" data-id=\"b6cb5a4\" data-element_type=\"widget\" data-e-type=\"widget\" data-widget_type=\"text-editor.default\">\n\t\t\t\t<div class=\"elementor-widget-container\">\n\t\t\t\t\t\t\t\t\t<p>L&rsquo;anxi\u00e9t\u00e9, la d\u00e9pression, les soucis de concentration, les sautes d\u2019humeur, l&rsquo;insomnie, voire m\u00eame le <strong>burnout<\/strong>, sont des passages li\u00e9 au <strong>stress<\/strong> que chacun peut traverser \u00e0 un moment de sa vie. Ces moments peuvent vraiment affecter ton bien-\u00eatre, mais rassure-toi, des solutions existent.<\/p><p>Prendre conscience de ces d\u00e9fis est une premi\u00e8re \u00e9tape. Explore des approches simples comme une <strong>alimentation \u00e9quilibr\u00e9e<\/strong>, qui n&rsquo;est pas seulement b\u00e9n\u00e9fique pour ta sant\u00e9 physique et mentale, mais a \u00e9galement un impact positif sur ton microbiote intestinal, souvent appel\u00e9 le \u00ab\u00a0deuxi\u00e8me cerveau\u00a0\u00bb.<\/p><p>Je te propose des solutions pour am\u00e9liorer ta productivit\u00e9 au travail et ton bien-\u00eatre. En combinant une compr\u00e9hension approfondie de tes d\u00e9fis en sant\u00e9 mentale avec des approches innovantes en nutrition et gestion du stress, pour cr\u00e9er un \u00e9quilibre optimal pour toi.<\/p><p>N&rsquo;h\u00e9site pas \u00e0 te documenter par mes formations en ligne sur le sujet afin de prendre soin de toi et \u00e0 explorer ces ressources afin de retrouver un \u00e9quilibre dans ta vie.<\/p>\t\t\t\t\t\t\t\t<\/div>\n\t\t\t\t<\/div>\n\t\t\t\t<div class=\"elementor-element elementor-element-7321d9d elementor-align-left elementor-widget elementor-widget-button\" data-id=\"7321d9d\" data-element_type=\"widget\" data-e-type=\"widget\" data-widget_type=\"button.default\">\n\t\t\t\t<div class=\"elementor-widget-container\">\n\t\t\t\t\t\t\t\t\t<div class=\"elementor-button-wrapper\">\n\t\t\t\t\t<a class=\"elementor-button elementor-button-link elementor-size-sm\" href=\"https:\/\/www.lamaisongourmande.ch\/site\/formationenligne\/\">\n\t\t\t\t\t\t<span class=\"elementor-button-content-wrapper\">\n\t\t\t\t\t\t\t\t\t<span class=\"elementor-button-text\">JE VEUX EN SAVOIR PLUS<\/span>\n\t\t\t\t\t<\/span>\n\t\t\t\t\t<\/a>\n\t\t\t\t<\/div>\n\t\t\t\t\t\t\t\t<\/div>\n\t\t\t\t<\/div>\n\t\t\t\t\t<\/div>\n\t\t<\/div>\n\t\t\t\t\t<\/div>\n\t\t<\/section>\n\t\t\t\t\t<\/div>\n\t\t<\/div>\n\t\t\t\t<div class=\"elementor-column elementor-col-50 elementor-top-column elementor-element elementor-element-4f0b7448\" data-id=\"4f0b7448\" data-element_type=\"column\" data-e-type=\"column\">\n\t\t\t<div class=\"elementor-widget-wrap elementor-element-populated\">\n\t\t\t\t\t\t<div class=\"elementor-element elementor-element-70aba530 elementor-widget elementor-widget-image\" data-id=\"70aba530\" data-element_type=\"widget\" data-e-type=\"widget\" data-widget_type=\"image.default\">\n\t\t\t\t<div class=\"elementor-widget-container\">\n\t\t\t\t\t\t\t\t\t\t\t\t\t\t\t<img decoding=\"async\" width=\"600\" height=\"900\" src=\"https:\/\/www.lamaisongourmande.ch\/site\/wp-content\/uploads\/2021\/12\/main-jardin.jpg\" class=\"attachment-full size-full wp-image-15242\" alt=\"\" srcset=\"https:\/\/www.lamaisongourmande.ch\/site\/wp-content\/uploads\/2021\/12\/main-jardin.jpg 600w, https:\/\/www.lamaisongourmande.ch\/site\/wp-content\/uploads\/2021\/12\/main-jardin-200x300.jpg 200w\" sizes=\"(max-width: 600px) 100vw, 600px\" \/>\t\t\t\t\t\t\t\t\t\t\t\t\t\t\t<\/div>\n\t\t\t\t<\/div>\n\t\t\t\t\t<\/div>\n\t\t<\/div>\n\t\t\t\t\t<\/div>\n\t\t<\/section>\n\t\t\t\t<section class=\"elementor-section elementor-top-section elementor-element elementor-element-5219fe2f elementor-section-boxed elementor-section-height-default elementor-section-height-default\" data-id=\"5219fe2f\" data-element_type=\"section\" data-e-type=\"section\">\n\t\t\t\t\t\t<div class=\"elementor-container elementor-column-gap-default\">\n\t\t\t\t\t<div class=\"elementor-column elementor-col-100 elementor-top-column elementor-element elementor-element-6c0d404f\" data-id=\"6c0d404f\" data-element_type=\"column\" data-e-type=\"column\">\n\t\t\t<div class=\"elementor-widget-wrap elementor-element-populated\">\n\t\t\t\t\t\t<section class=\"elementor-section elementor-inner-section elementor-element elementor-element-43fc03b7 elementor-section-boxed elementor-section-height-default elementor-section-height-default\" data-id=\"43fc03b7\" data-element_type=\"section\" data-e-type=\"section\">\n\t\t\t\t\t\t<div class=\"elementor-container elementor-column-gap-default\">\n\t\t\t\t\t<div class=\"elementor-column elementor-col-100 elementor-inner-column elementor-element elementor-element-4f003884\" data-id=\"4f003884\" data-element_type=\"column\" data-e-type=\"column\">\n\t\t\t<div class=\"elementor-widget-wrap elementor-element-populated\">\n\t\t\t\t\t\t<div class=\"elementor-element elementor-element-36961922 elementor-widget elementor-widget-heading\" data-id=\"36961922\" data-element_type=\"widget\" data-e-type=\"widget\" data-widget_type=\"heading.default\">\n\t\t\t\t<div class=\"elementor-widget-container\">\n\t\t\t\t\t<h2 class=\"elementor-heading-title elementor-size-default\">PRESTATIONS<\/h2>\t\t\t\t<\/div>\n\t\t\t\t<\/div>\n\t\t\t\t<div class=\"elementor-element elementor-element-39906ce4 elementor-widget elementor-widget-image\" data-id=\"39906ce4\" data-element_type=\"widget\" data-e-type=\"widget\" data-widget_type=\"image.default\">\n\t\t\t\t<div class=\"elementor-widget-container\">\n\t\t\t\t\t\t\t\t\t\t\t\t\t\t\t<img loading=\"lazy\" decoding=\"async\" width=\"512\" height=\"512\" src=\"https:\/\/www.lamaisongourmande.ch\/site\/wp-content\/uploads\/2021\/12\/baies.png\" class=\"attachment-large size-large wp-image-15243\" alt=\"\" srcset=\"https:\/\/www.lamaisongourmande.ch\/site\/wp-content\/uploads\/2021\/12\/baies.png 512w, https:\/\/www.lamaisongourmande.ch\/site\/wp-content\/uploads\/2021\/12\/baies-300x300.png 300w, https:\/\/www.lamaisongourmande.ch\/site\/wp-content\/uploads\/2021\/12\/baies-150x150.png 150w\" sizes=\"(max-width: 512px) 100vw, 512px\" \/>\t\t\t\t\t\t\t\t\t\t\t\t\t\t\t<\/div>\n\t\t\t\t<\/div>\n\t\t\t\t<div class=\"elementor-element elementor-element-4f4a6e20 elementor-widget elementor-widget-spacer\" data-id=\"4f4a6e20\" data-element_type=\"widget\" data-e-type=\"widget\" data-widget_type=\"spacer.default\">\n\t\t\t\t<div class=\"elementor-widget-container\">\n\t\t\t\t\t\t\t<div class=\"elementor-spacer\">\n\t\t\t<div class=\"elementor-spacer-inner\"><\/div>\n\t\t<\/div>\n\t\t\t\t\t\t<\/div>\n\t\t\t\t<\/div>\n\t\t\t\t\t<\/div>\n\t\t<\/div>\n\t\t\t\t\t<\/div>\n\t\t<\/section>\n\t\t\t\t<section class=\"elementor-section elementor-inner-section elementor-element elementor-element-1ec720d1 elementor-section-height-min-height elementor-section-boxed elementor-section-height-default\" data-id=\"1ec720d1\" data-element_type=\"section\" data-e-type=\"section\">\n\t\t\t\t\t\t<div class=\"elementor-container elementor-column-gap-default\">\n\t\t\t\t\t<div class=\"elementor-column elementor-col-33 elementor-inner-column elementor-element elementor-element-5beacf5e\" data-id=\"5beacf5e\" data-element_type=\"column\" data-e-type=\"column\" data-settings=\"{&quot;background_background&quot;:&quot;classic&quot;}\">\n\t\t\t<div class=\"elementor-widget-wrap elementor-element-populated\">\n\t\t\t\t\t\t<div class=\"elementor-element elementor-element-dd99dff elementor-widget elementor-widget-heading\" data-id=\"dd99dff\" data-element_type=\"widget\" data-e-type=\"widget\" data-settings=\"{&quot;_animation&quot;:&quot;none&quot;}\" data-widget_type=\"heading.default\">\n\t\t\t\t<div class=\"elementor-widget-container\">\n\t\t\t\t\t<h3 class=\"elementor-heading-title elementor-size-default\"><a href=\"https:\/\/www.lamaisongourmande.ch\/site\/formationenligne\/\">FORMATION<br>EN LIGNE<\/a><\/h3>\t\t\t\t<\/div>\n\t\t\t\t<\/div>\n\t\t\t\t\t<\/div>\n\t\t<\/div>\n\t\t\t\t<div class=\"elementor-column elementor-col-33 elementor-inner-column elementor-element elementor-element-447f4468\" data-id=\"447f4468\" data-element_type=\"column\" data-e-type=\"column\" data-settings=\"{&quot;background_background&quot;:&quot;classic&quot;}\">\n\t\t\t<div class=\"elementor-widget-wrap elementor-element-populated\">\n\t\t\t\t\t\t<div class=\"elementor-element elementor-element-63687272 elementor-widget elementor-widget-heading\" data-id=\"63687272\" data-element_type=\"widget\" data-e-type=\"widget\" data-settings=\"{&quot;_animation&quot;:&quot;none&quot;}\" data-widget_type=\"heading.default\">\n\t\t\t\t<div class=\"elementor-widget-container\">\n\t\t\t\t\t<h3 class=\"elementor-heading-title elementor-size-default\"><a href=\"https:\/\/www.lamaisongourmande.ch\/site\/category\/blog\/\">BLOG<\/a><\/h3>\t\t\t\t<\/div>\n\t\t\t\t<\/div>\n\t\t\t\t\t<\/div>\n\t\t<\/div>\n\t\t\t\t<div class=\"elementor-column elementor-col-33 elementor-inner-column elementor-element elementor-element-3580076b\" data-id=\"3580076b\" data-element_type=\"column\" data-e-type=\"column\" data-settings=\"{&quot;background_background&quot;:&quot;classic&quot;}\">\n\t\t\t<div class=\"elementor-widget-wrap elementor-element-populated\">\n\t\t\t\t\t\t<div class=\"elementor-element elementor-element-4e90faf4 elementor-widget elementor-widget-heading\" data-id=\"4e90faf4\" data-element_type=\"widget\" data-e-type=\"widget\" data-settings=\"{&quot;_animation&quot;:&quot;none&quot;}\" data-widget_type=\"heading.default\">\n\t\t\t\t<div class=\"elementor-widget-container\">\n\t\t\t\t\t<h3 class=\"elementor-heading-title elementor-size-default\"><a href=\"https:\/\/www.lamaisongourmande.ch\/site\/alimentationantiinflammatoire\/\">ALIMENTATION ANTI-INFLAMMATOIRE<\/a><\/h3>\t\t\t\t<\/div>\n\t\t\t\t<\/div>\n\t\t\t\t\t<\/div>\n\t\t<\/div>\n\t\t\t\t\t<\/div>\n\t\t<\/section>\n\t\t\t\t\t<\/div>\n\t\t<\/div>\n\t\t\t\t\t<\/div>\n\t\t<\/section>\n\t\t\t\t<\/div>\n\t\t","protected":false},"excerpt":{"rendered":"<p>mangerouse nourrir Choisir de manger ou de se nourrir En chacun de nous sommeille l\u2019envie d\u2019apporter\u00a0sa touche personnelle \u00e0 la construction du monde de demain. Et si on commen\u00e7ait par la gastronomie sant\u00e9 ? R\u00e9duire le gaspillage alimentaire,\u00a0prot\u00e9ger l\u2019environnement, se soucier de son bien-\u00eatre ou encore se nourrir d\u2019aliments sains, \u00e9coresponsables et durables.Voici quelques solutions&hellip;&nbsp;<\/p>\n<div class=\"read-more-wrapper\"><a href=\"https:\/\/www.lamaisongourmande.ch\/site\/\" class=\"button button-primary\" rel=\"bookmark\">Read More &raquo;<span class=\"screen-reader-text\">Accueil<\/span><\/a><\/div>\n","protected":false},"author":3,"featured_media":15526,"parent":0,"menu_order":1,"comment_status":"open","ping_status":"closed","template":"elementor_header_footer","meta":{"_monsterinsights_skip_tracking":false,"_monsterinsights_sitenote_active":false,"_monsterinsights_sitenote_note":"","_monsterinsights_sitenote_category":0,"neve_meta_sidebar":"","neve_meta_container":"","neve_meta_enable_content_width":"off","neve_meta_content_width":100,"neve_meta_title_alignment":"","neve_meta_author_avatar":"","neve_post_elements_order":"","neve_meta_disable_header":"","neve_meta_disable_footer":"","neve_meta_disable_title":"","neve_meta_reading_time":"","_wp_convertkit_post_meta":{"form":"-1","landing_page":"0","tag":"0","restrict_content":"0"},"footnotes":""},"class_list":["post-15","page","type-page","status-publish","has-post-thumbnail","hentry"],"aioseo_notices":[],"_links":{"self":[{"href":"https:\/\/www.lamaisongourmande.ch\/site\/wp-json\/wp\/v2\/pages\/15","targetHints":{"allow":["GET"]}}],"collection":[{"href":"https:\/\/www.lamaisongourmande.ch\/site\/wp-json\/wp\/v2\/pages"}],"about":[{"href":"https:\/\/www.lamaisongourmande.ch\/site\/wp-json\/wp\/v2\/types\/page"}],"author":[{"embeddable":true,"href":"https:\/\/www.lamaisongourmande.ch\/site\/wp-json\/wp\/v2\/users\/3"}],"replies":[{"embeddable":true,"href":"https:\/\/www.lamaisongourmande.ch\/site\/wp-json\/wp\/v2\/comments?post=15"}],"version-history":[{"count":309,"href":"https:\/\/www.lamaisongourmande.ch\/site\/wp-json\/wp\/v2\/pages\/15\/revisions"}],"predecessor-version":[{"id":18204,"href":"https:\/\/www.lamaisongourmande.ch\/site\/wp-json\/wp\/v2\/pages\/15\/revisions\/18204"}],"wp:featuredmedia":[{"embeddable":true,"href":"https:\/\/www.lamaisongourmande.ch\/site\/wp-json\/wp\/v2\/media\/15526"}],"wp:attachment":[{"href":"https:\/\/www.lamaisongourmande.ch\/site\/wp-json\/wp\/v2\/media?parent=15"}],"curies":[{"name":"wp","href":"https:\/\/api.w.org\/{rel}","templated":true}]}}