{"id":2416,"date":"2015-08-24T23:07:19","date_gmt":"2015-08-24T22:07:19","guid":{"rendered":"http:\/\/www.lamaisongourmande.ch\/site\/?page_id=2416"},"modified":"2021-12-16T10:09:08","modified_gmt":"2021-12-16T09:09:08","slug":"traiteur","status":"publish","type":"page","link":"https:\/\/www.lamaisongourmande.ch\/site\/traiteur\/","title":{"rendered":"Traiteur"},"content":{"rendered":"<p>Ce service traiteur est fait pour vous !<\/p>\n<p>Une f\u00eate, un ap\u00e9ritif, un cocktail d\u00eenatoire\u00a0\u00e0 pr\u00e9parer ?<br \/>\nVous voulez offrir des pr\u00e9parations culinaires\u00a0FaitMaison, originales et qui ont du go\u00fbt mais d\u00e9cid\u00e9ment&#8230; le temps vous est compt\u00e9 et vraiment pas l\u2019envie ou les id\u00e9es de s\u2019y mettre ! <\/p>\n<p>Que ce soit du sucr\u00e9s ou sal\u00e9s, intol\u00e9rant au gluten et\/ou lactose ou encore v\u00e9g\u00e9tarien, c\u2019est \u00e0 vous de voir.<\/p>\n<blockquote><p>Merveilleux ! C\u2019est comme \u00e0 la maison.<\/p><\/blockquote>\n<p>Voici quelques propositions gourmandes parmi tant d\u2019autres :<\/p>\n<p style=\"text-align: left;\"><strong>PRIX SUR DEMANDE<\/strong><\/p>\n<p><ins datetime=\"2015-09-06T15:56:40+00:00\">Verrines<\/ins> :<br \/>\n<strong>Sal\u00e9s<\/strong><br \/>\n&#8211; Crevettes aux agrumes &amp; lentilles<br \/>\n&#8211; Tartare de saumon, citron vert &amp; pomme \u00e0 l&rsquo;ail<br \/>\n&#8211; Velout\u00e9 de topinambours &amp; noisette<br \/>\n&#8211; Avocat &amp; mangue \u00e0 l\u2019huile de cacahu\u00e8te grill\u00e9e<br \/>\n&#8211; Betterave, ricotta &amp; crumble de noisette<br \/>\n&#8211; Cr\u00e8me de brocoli\u00a0&amp; wasabi, chantilly chocolat blanc<\/p>\n<p>&#8211; Velout\u00e9 carotte &amp; orange, nuage au gingembre<br \/>\n&#8211; Velout\u00e9 courge &amp; curcuma, huile de p\u00e9pin de courge<br \/>\n&#8211; Velout\u00e9 choufleur &amp; cumin, vieux vinaigre balsamique<\/p>\n<p><strong>Sucr\u00e9s<\/strong><br \/>\n&#8211; Panna Cotta mangue &amp; sp\u00e9culos<br \/>\n&#8211; Mousse chocolat<br \/>\n&#8211; Tarte au citron<br \/>\n&#8211; Cr\u00e8me mascarpone, poire au miel &amp; cardamone<br \/>\n&#8211; Mousse coco &amp; fruit de la passion<\/p>\n<p><ins datetime=\"2015-09-06T15:56:40+00:00\">Amuses-bouches <\/ins>:<br \/>\n<strong>Sal\u00e9s<\/strong><br \/>\n&#8211;\u00a0Rosace en feuillet\u00e9, tapenade &amp; tomate s\u00e9ch\u00e9e<br \/>\n&#8211; Crostini de jambon cru, \u00e9pinard et fromage blanc<br \/>\n&#8211; Bricks gorgonzola &amp; pomme<br \/>\n&#8211; Guacamole &amp; chips de ma\u00efs<br \/>\n&#8211; Dips aux yogourt avec b\u00e2tonnets de carotte, chou-fleur, c\u00e9leri &amp; radis<br \/>\n<strong>Sucr\u00e9s<\/strong><br \/>\n&#8211; Brochette de fruits de saison<br \/>\n&#8211; Brownies<\/p>\n<p><strong>G\u00e2teaux<\/strong><br \/>\n&#8211; Tarte aux pommes \u00a028cm<br \/>\n&#8211; Cheesecake nature (26 cm 8-10 pers) \u00a0(18cm 6-7 pers)<br \/>\n&#8211; Cheesecake caramel beurre sal\u00e9 &#8211; oreo &#8211; agrumes \u00a0(26cm 8-10 pers) \u00a0(18cm 6-7 pers)<br \/>\n&#8211; Cheesecake fruits de saison (26cm 8-10 pers) \u00a0(18cm 6-7 pers)<br \/>\n&#8211; Cupcakes nature &amp; gla\u00e7age sucre glace<br \/>\n&#8211; Cupcakes vari\u00e9 &amp; gla\u00e7age beurre ou philadelphia<\/p>\n<div id='gallery-1' class='gallery galleryid-2416 gallery-columns-2 gallery-size-thumbnail'><figure class='gallery-item'>\n\t\t\t<div class='gallery-icon portrait'>\n\t\t\t\t<a href='https:\/\/www.lamaisongourmande.ch\/site\/img_5307\/'><img decoding=\"async\" width=\"150\" height=\"150\" src=\"https:\/\/www.lamaisongourmande.ch\/site\/wp-content\/uploads\/2017\/07\/IMG_5307-150x150.jpg\" class=\"attachment-thumbnail size-thumbnail\" alt=\"\" aria-describedby=\"gallery-1-2870\" \/><\/a>\n\t\t\t<\/div>\n\t\t\t\t<figcaption class='wp-caption-text gallery-caption' id='gallery-1-2870'>\n\t\t\t\tGaspacho, pesto basilic\n\t\t\t\t<\/figcaption><\/figure><figure class='gallery-item'>\n\t\t\t<div class='gallery-icon landscape'>\n\t\t\t\t<a href='https:\/\/www.lamaisongourmande.ch\/site\/traiteur\/img_3784\/'><img decoding=\"async\" width=\"150\" height=\"150\" src=\"https:\/\/www.lamaisongourmande.ch\/site\/wp-content\/uploads\/2015\/08\/IMG_3784-150x150.jpg\" class=\"attachment-thumbnail size-thumbnail\" alt=\"\" aria-describedby=\"gallery-1-2832\" srcset=\"https:\/\/www.lamaisongourmande.ch\/site\/wp-content\/uploads\/2015\/08\/IMG_3784-150x150.jpg 150w, https:\/\/www.lamaisongourmande.ch\/site\/wp-content\/uploads\/2015\/08\/IMG_3784-300x300.jpg 300w, https:\/\/www.lamaisongourmande.ch\/site\/wp-content\/uploads\/2015\/08\/IMG_3784-1024x1024.jpg 1024w, https:\/\/www.lamaisongourmande.ch\/site\/wp-content\/uploads\/2015\/08\/IMG_3784.jpg 1200w\" sizes=\"(max-width: 150px) 100vw, 150px\" \/><\/a>\n\t\t\t<\/div>\n\t\t\t\t<figcaption class='wp-caption-text gallery-caption' id='gallery-1-2832'>\n\t\t\t\tPanna Cotta coco &#038; fruits rouges\n\t\t\t\t<\/figcaption><\/figure><figure class='gallery-item'>\n\t\t\t<div class='gallery-icon landscape'>\n\t\t\t\t<a href='https:\/\/www.lamaisongourmande.ch\/site\/traiteur\/img_3783\/'><img decoding=\"async\" width=\"150\" height=\"150\" src=\"https:\/\/www.lamaisongourmande.ch\/site\/wp-content\/uploads\/2015\/08\/IMG_3783-150x150.jpg\" class=\"attachment-thumbnail size-thumbnail\" alt=\"\" aria-describedby=\"gallery-1-2831\" srcset=\"https:\/\/www.lamaisongourmande.ch\/site\/wp-content\/uploads\/2015\/08\/IMG_3783-150x150.jpg 150w, https:\/\/www.lamaisongourmande.ch\/site\/wp-content\/uploads\/2015\/08\/IMG_3783-300x300.jpg 300w, https:\/\/www.lamaisongourmande.ch\/site\/wp-content\/uploads\/2015\/08\/IMG_3783-1024x1024.jpg 1024w, https:\/\/www.lamaisongourmande.ch\/site\/wp-content\/uploads\/2015\/08\/IMG_3783.jpg 1200w\" sizes=\"(max-width: 150px) 100vw, 150px\" \/><\/a>\n\t\t\t<\/div>\n\t\t\t\t<figcaption class='wp-caption-text gallery-caption' id='gallery-1-2831'>\n\t\t\t\tVelout\u00e9 brocoli, cr\u00e8me de ch\u00e8vre\n\t\t\t\t<\/figcaption><\/figure><figure class='gallery-item'>\n\t\t\t<div class='gallery-icon portrait'>\n\t\t\t\t<a href='https:\/\/www.lamaisongourmande.ch\/site\/img_5308\/'><img loading=\"lazy\" decoding=\"async\" width=\"150\" height=\"150\" src=\"https:\/\/www.lamaisongourmande.ch\/site\/wp-content\/uploads\/2017\/07\/IMG_5308-150x150.jpg\" class=\"attachment-thumbnail size-thumbnail\" alt=\"\" aria-describedby=\"gallery-1-2871\" \/><\/a>\n\t\t\t<\/div>\n\t\t\t\t<figcaption class='wp-caption-text gallery-caption' id='gallery-1-2871'>\n\t\t\t\tTartare mangue &#038; avocat\n\t\t\t\t<\/figcaption><\/figure><figure class='gallery-item'>\n\t\t\t<div class='gallery-icon portrait'>\n\t\t\t\t<a href='https:\/\/www.lamaisongourmande.ch\/site\/img_4843\/'><img loading=\"lazy\" decoding=\"async\" width=\"150\" height=\"150\" src=\"https:\/\/www.lamaisongourmande.ch\/site\/wp-content\/uploads\/2017\/07\/IMG_4843-150x150.jpg\" class=\"attachment-thumbnail size-thumbnail\" alt=\"\" aria-describedby=\"gallery-1-2882\" \/><\/a>\n\t\t\t<\/div>\n\t\t\t\t<figcaption class='wp-caption-text gallery-caption' id='gallery-1-2882'>\n\t\t\t\tCheesecake aux agrumes\n\t\t\t\t<\/figcaption><\/figure><figure class='gallery-item'>\n\t\t\t<div class='gallery-icon portrait'>\n\t\t\t\t<a href='https:\/\/www.lamaisongourmande.ch\/site\/img_4711\/'><img loading=\"lazy\" decoding=\"async\" width=\"150\" height=\"150\" src=\"https:\/\/www.lamaisongourmande.ch\/site\/wp-content\/uploads\/2017\/07\/IMG_4711-150x150.jpg\" class=\"attachment-thumbnail size-thumbnail\" alt=\"\" aria-describedby=\"gallery-1-2880\" \/><\/a>\n\t\t\t<\/div>\n\t\t\t\t<figcaption class='wp-caption-text gallery-caption' id='gallery-1-2880'>\n\t\t\t\tSabl\u00e9\n\t\t\t\t<\/figcaption><\/figure>\n\t\t<\/div>\n\n","protected":false},"excerpt":{"rendered":"<p>Ce service traiteur est fait pour vous ! Une f\u00eate, un ap\u00e9ritif, un cocktail d\u00eenatoire\u00a0\u00e0 pr\u00e9parer ? Vous voulez offrir des pr\u00e9parations culinaires\u00a0FaitMaison, originales et qui ont du go\u00fbt mais d\u00e9cid\u00e9ment&#8230; le temps vous est compt\u00e9 et vraiment pas l\u2019envie ou les id\u00e9es de s\u2019y mettre ! Que ce soit du sucr\u00e9s ou sal\u00e9s, intol\u00e9rant&hellip;&nbsp;<\/p>\n<div class=\"read-more-wrapper\"><a href=\"https:\/\/www.lamaisongourmande.ch\/site\/traiteur\/\" class=\"button button-primary\" rel=\"bookmark\">Read More &raquo;<span class=\"screen-reader-text\">Traiteur<\/span><\/a><\/div>\n","protected":false},"author":3,"featured_media":0,"parent":0,"menu_order":20,"comment_status":"open","ping_status":"closed","template":"","meta":{"_monsterinsights_skip_tracking":false,"_monsterinsights_sitenote_active":false,"_monsterinsights_sitenote_note":"","_monsterinsights_sitenote_category":0,"neve_meta_sidebar":"","neve_meta_container":"","neve_meta_enable_content_width":"","neve_meta_content_width":0,"neve_meta_title_alignment":"","neve_meta_author_avatar":"","neve_post_elements_order":"","neve_meta_disable_header":"","neve_meta_disable_footer":"","neve_meta_disable_title":"","neve_meta_reading_time":"","_wp_convertkit_post_meta":{"form":"-1","landing_page":"0","tag":"0","restrict_content":"0"},"footnotes":""},"class_list":["post-2416","page","type-page","status-publish","hentry"],"aioseo_notices":[],"_links":{"self":[{"href":"https:\/\/www.lamaisongourmande.ch\/site\/wp-json\/wp\/v2\/pages\/2416","targetHints":{"allow":["GET"]}}],"collection":[{"href":"https:\/\/www.lamaisongourmande.ch\/site\/wp-json\/wp\/v2\/pages"}],"about":[{"href":"https:\/\/www.lamaisongourmande.ch\/site\/wp-json\/wp\/v2\/types\/page"}],"author":[{"embeddable":true,"href":"https:\/\/www.lamaisongourmande.ch\/site\/wp-json\/wp\/v2\/users\/3"}],"replies":[{"embeddable":true,"href":"https:\/\/www.lamaisongourmande.ch\/site\/wp-json\/wp\/v2\/comments?post=2416"}],"version-history":[{"count":34,"href":"https:\/\/www.lamaisongourmande.ch\/site\/wp-json\/wp\/v2\/pages\/2416\/revisions"}],"predecessor-version":[{"id":2968,"href":"https:\/\/www.lamaisongourmande.ch\/site\/wp-json\/wp\/v2\/pages\/2416\/revisions\/2968"}],"wp:attachment":[{"href":"https:\/\/www.lamaisongourmande.ch\/site\/wp-json\/wp\/v2\/media?parent=2416"}],"curies":[{"name":"wp","href":"https:\/\/api.w.org\/{rel}","templated":true}]}}