{"id":2744,"date":"2016-08-09T16:59:43","date_gmt":"2016-08-09T15:59:43","guid":{"rendered":"http:\/\/www.lamaisongourmande.ch\/site\/?page_id=2744"},"modified":"2021-12-16T10:09:15","modified_gmt":"2021-12-16T09:09:15","slug":"potager-bio","status":"publish","type":"page","link":"https:\/\/www.lamaisongourmande.ch\/site\/potager-bio\/","title":{"rendered":"Potager Bio"},"content":{"rendered":"<p>Depuis quelques ann\u00e9es, je m\u2019occupe d\u2019un bout de <strong>terre<\/strong> o\u00f9 je cultive mes fruits &amp; l\u00e9gumes, herbes aromatiques ainsi que mes fleurs comestibles pour une cuisine savoureuse au rythme des saisons issus de l\u2019agriculture <strong>biologique<\/strong>.<\/p>\n<blockquote><p>Ben alors ! Je ne pourrais pas manger des framboises en f\u00e9vrier ?<\/p><\/blockquote>\n<p>\u00c7a part g\u00e9n\u00e9ralement d\u2019une petite graine ou d&rsquo;un planton, bio bien s\u00fbr !<br \/>\nPuis, apr\u00e8s avoir <del>jouer<\/del>\u00a0travailler la terre et lui donner tout ce qu\u2019elle a besoin et avoir beaucoup BEAUCOUP de patience pour donner de magnifique produit&#8230;<\/p>\n<p><strong>Du coup, \u00e7a donne \u00e7a !<\/strong><\/p>\n<p>&nbsp;<\/p>\n<figure id=\"attachment_2749\" aria-describedby=\"caption-attachment-2749\" style=\"width: 300px\" class=\"wp-caption aligncenter\"><a href=\"http:\/\/www.lamaisongourmande.ch\/site\/wp-content\/uploads\/2016\/08\/jardin-2016.jpg\"><img decoding=\"async\" class=\"wp-image-2749 size-medium\" src=\"http:\/\/www.lamaisongourmande.ch\/site\/wp-content\/uploads\/2016\/08\/jardin-2016-300x152.jpg\" alt=\"jardin 2016\" width=\"300\" height=\"152\" srcset=\"https:\/\/www.lamaisongourmande.ch\/site\/wp-content\/uploads\/2016\/08\/jardin-2016-300x152.jpg 300w, https:\/\/www.lamaisongourmande.ch\/site\/wp-content\/uploads\/2016\/08\/jardin-2016-1024x520.jpg 1024w, https:\/\/www.lamaisongourmande.ch\/site\/wp-content\/uploads\/2016\/08\/jardin-2016.jpg 1200w\" sizes=\"(max-width: 300px) 100vw, 300px\" \/><\/a><figcaption id=\"caption-attachment-2749\" class=\"wp-caption-text\">Mon Jardin Potager BIO<\/figcaption><\/figure>\n<p>&nbsp;<\/p>\n<div id='gallery-1' class='gallery galleryid-2744 gallery-columns-3 gallery-size-thumbnail'><figure class='gallery-item'>\n\t\t\t<div class='gallery-icon landscape'>\n\t\t\t\t<a href='https:\/\/www.lamaisongourmande.ch\/site\/potager-bio\/img_5156\/'><img decoding=\"async\" width=\"150\" height=\"150\" src=\"https:\/\/www.lamaisongourmande.ch\/site\/wp-content\/uploads\/2016\/08\/IMG_5156-150x150.jpg\" class=\"attachment-thumbnail size-thumbnail\" alt=\"\" aria-describedby=\"gallery-1-2903\" \/><\/a>\n\t\t\t<\/div>\n\t\t\t\t<figcaption class='wp-caption-text gallery-caption' id='gallery-1-2903'>\n\t\t\t\tFraises des bois\n\t\t\t\t<\/figcaption><\/figure><figure class='gallery-item'>\n\t\t\t<div class='gallery-icon portrait'>\n\t\t\t\t<a href='https:\/\/www.lamaisongourmande.ch\/site\/potager-bio\/img_5331\/'><img decoding=\"async\" width=\"150\" height=\"150\" src=\"https:\/\/www.lamaisongourmande.ch\/site\/wp-content\/uploads\/2016\/08\/IMG_5331-150x150.jpg\" class=\"attachment-thumbnail size-thumbnail\" alt=\"\" \/><\/a>\n\t\t\t<\/div><\/figure><figure class='gallery-item'>\n\t\t\t<div class='gallery-icon portrait'>\n\t\t\t\t<a href='https:\/\/www.lamaisongourmande.ch\/site\/potager-bio\/img_5336\/'><img loading=\"lazy\" decoding=\"async\" width=\"150\" height=\"150\" src=\"https:\/\/www.lamaisongourmande.ch\/site\/wp-content\/uploads\/2016\/08\/IMG_5336-150x150.jpg\" class=\"attachment-thumbnail size-thumbnail\" alt=\"\" aria-describedby=\"gallery-1-2905\" \/><\/a>\n\t\t\t<\/div>\n\t\t\t\t<figcaption class='wp-caption-text gallery-caption' id='gallery-1-2905'>\n\t\t\t\tTomate ancienne\n\t\t\t\t<\/figcaption><\/figure><figure class='gallery-item'>\n\t\t\t<div class='gallery-icon portrait'>\n\t\t\t\t<a href='https:\/\/www.lamaisongourmande.ch\/site\/potager-bio\/img_5337\/'><img loading=\"lazy\" decoding=\"async\" width=\"150\" height=\"150\" src=\"https:\/\/www.lamaisongourmande.ch\/site\/wp-content\/uploads\/2016\/08\/IMG_5337-150x150.jpg\" class=\"attachment-thumbnail size-thumbnail\" alt=\"\" aria-describedby=\"gallery-1-2906\" \/><\/a>\n\t\t\t<\/div>\n\t\t\t\t<figcaption class='wp-caption-text gallery-caption' id='gallery-1-2906'>\n\t\t\t\tRadis\n\t\t\t\t<\/figcaption><\/figure><figure class='gallery-item'>\n\t\t\t<div class='gallery-icon portrait'>\n\t\t\t\t<a href='https:\/\/www.lamaisongourmande.ch\/site\/potager-bio\/oignon\/'><img loading=\"lazy\" decoding=\"async\" width=\"150\" height=\"150\" src=\"https:\/\/www.lamaisongourmande.ch\/site\/wp-content\/uploads\/2016\/08\/oignon-150x150.jpg\" class=\"attachment-thumbnail size-thumbnail\" alt=\"\" aria-describedby=\"gallery-1-2908\" \/><\/a>\n\t\t\t<\/div>\n\t\t\t\t<figcaption class='wp-caption-text gallery-caption' id='gallery-1-2908'>\n\t\t\t\tPlantons d&rsquo;oignon\n\t\t\t\t<\/figcaption><\/figure><figure class='gallery-item'>\n\t\t\t<div class='gallery-icon portrait'>\n\t\t\t\t<a href='https:\/\/www.lamaisongourmande.ch\/site\/potager-bio\/pdt-terre\/'><img loading=\"lazy\" decoding=\"async\" width=\"150\" height=\"150\" src=\"https:\/\/www.lamaisongourmande.ch\/site\/wp-content\/uploads\/2016\/08\/pdt-terre-150x150.jpg\" class=\"attachment-thumbnail size-thumbnail\" alt=\"\" aria-describedby=\"gallery-1-2755\" \/><\/a>\n\t\t\t<\/div>\n\t\t\t\t<figcaption class='wp-caption-text gallery-caption' id='gallery-1-2755'>\n\t\t\t\tPomme de terre Bintje\n\t\t\t\t<\/figcaption><\/figure><figure class='gallery-item'>\n\t\t\t<div class='gallery-icon portrait'>\n\t\t\t\t<a href='https:\/\/www.lamaisongourmande.ch\/site\/potager-bio\/img_3308\/'><img loading=\"lazy\" decoding=\"async\" width=\"150\" height=\"150\" src=\"https:\/\/www.lamaisongourmande.ch\/site\/wp-content\/uploads\/2016\/08\/IMG_3308-150x150.jpg\" class=\"attachment-thumbnail size-thumbnail\" alt=\"\" aria-describedby=\"gallery-1-2762\" \/><\/a>\n\t\t\t<\/div>\n\t\t\t\t<figcaption class='wp-caption-text gallery-caption' id='gallery-1-2762'>\n\t\t\t\tCourge \n\t\t\t\t<\/figcaption><\/figure><figure class='gallery-item'>\n\t\t\t<div class='gallery-icon portrait'>\n\t\t\t\t<a href='https:\/\/www.lamaisongourmande.ch\/site\/potager-bio\/img_3243\/'><img loading=\"lazy\" decoding=\"async\" width=\"150\" height=\"150\" src=\"https:\/\/www.lamaisongourmande.ch\/site\/wp-content\/uploads\/2016\/08\/IMG_3243-150x150.jpg\" class=\"attachment-thumbnail size-thumbnail\" alt=\"\" aria-describedby=\"gallery-1-2760\" \/><\/a>\n\t\t\t<\/div>\n\t\t\t\t<figcaption class='wp-caption-text gallery-caption' id='gallery-1-2760'>\n\t\t\t\tCarottes anciennes \n\t\t\t\t<\/figcaption><\/figure><figure class='gallery-item'>\n\t\t\t<div class='gallery-icon landscape'>\n\t\t\t\t<a href='https:\/\/www.lamaisongourmande.ch\/site\/potager-bio\/tomate-verte-zebree\/'><img loading=\"lazy\" decoding=\"async\" width=\"150\" height=\"150\" src=\"https:\/\/www.lamaisongourmande.ch\/site\/wp-content\/uploads\/2016\/08\/tomate-verte-z\u00e9br\u00e9e-150x150.jpg\" class=\"attachment-thumbnail size-thumbnail\" alt=\"\" aria-describedby=\"gallery-1-2756\" \/><\/a>\n\t\t\t<\/div>\n\t\t\t\t<figcaption class='wp-caption-text gallery-caption' id='gallery-1-2756'>\n\t\t\t\tTomate verte z\u00e9br\u00e9e\n\t\t\t\t<\/figcaption><\/figure>\n\t\t<\/div>\n\n<p><a href=\"http:\/\/www.lamaisongourmande.ch\/site\/wp-content\/uploads\/2016\/08\/vanessa-sourire.jpg\"><img loading=\"lazy\" decoding=\"async\" class=\"size-medium wp-image-2774 aligncenter\" src=\"http:\/\/www.lamaisongourmande.ch\/site\/wp-content\/uploads\/2016\/08\/vanessa-sourire-300x225.jpg\" alt=\"vanessa sourire\" width=\"300\" height=\"225\" srcset=\"https:\/\/www.lamaisongourmande.ch\/site\/wp-content\/uploads\/2016\/08\/vanessa-sourire-300x225.jpg 300w, https:\/\/www.lamaisongourmande.ch\/site\/wp-content\/uploads\/2016\/08\/vanessa-sourire-1024x768.jpg 1024w, https:\/\/www.lamaisongourmande.ch\/site\/wp-content\/uploads\/2016\/08\/vanessa-sourire.jpg 1200w\" sizes=\"(max-width: 300px) 100vw, 300px\" \/><\/a><\/p>\n","protected":false},"excerpt":{"rendered":"<p>Depuis quelques ann\u00e9es, je m\u2019occupe d\u2019un bout de terre o\u00f9 je cultive mes fruits &amp; l\u00e9gumes, herbes aromatiques ainsi que mes fleurs comestibles pour une cuisine savoureuse au rythme des saisons issus de l\u2019agriculture biologique. Ben alors ! Je ne pourrais pas manger des framboises en f\u00e9vrier ? \u00c7a part g\u00e9n\u00e9ralement d\u2019une petite graine ou&hellip;&nbsp;<\/p>\n<div class=\"read-more-wrapper\"><a href=\"https:\/\/www.lamaisongourmande.ch\/site\/potager-bio\/\" class=\"button button-primary\" rel=\"bookmark\">Read More &raquo;<span class=\"screen-reader-text\">Potager Bio<\/span><\/a><\/div>\n","protected":false},"author":3,"featured_media":0,"parent":0,"menu_order":20,"comment_status":"open","ping_status":"closed","template":"","meta":{"_monsterinsights_skip_tracking":false,"_monsterinsights_sitenote_active":false,"_monsterinsights_sitenote_note":"","_monsterinsights_sitenote_category":0,"neve_meta_sidebar":"","neve_meta_container":"","neve_meta_enable_content_width":"","neve_meta_content_width":0,"neve_meta_title_alignment":"","neve_meta_author_avatar":"","neve_post_elements_order":"","neve_meta_disable_header":"","neve_meta_disable_footer":"","neve_meta_disable_title":"","neve_meta_reading_time":"","_wp_convertkit_post_meta":{"form":"-1","landing_page":"0","tag":"0","restrict_content":"0"},"footnotes":""},"class_list":["post-2744","page","type-page","status-publish","hentry"],"aioseo_notices":[],"_links":{"self":[{"href":"https:\/\/www.lamaisongourmande.ch\/site\/wp-json\/wp\/v2\/pages\/2744","targetHints":{"allow":["GET"]}}],"collection":[{"href":"https:\/\/www.lamaisongourmande.ch\/site\/wp-json\/wp\/v2\/pages"}],"about":[{"href":"https:\/\/www.lamaisongourmande.ch\/site\/wp-json\/wp\/v2\/types\/page"}],"author":[{"embeddable":true,"href":"https:\/\/www.lamaisongourmande.ch\/site\/wp-json\/wp\/v2\/users\/3"}],"replies":[{"embeddable":true,"href":"https:\/\/www.lamaisongourmande.ch\/site\/wp-json\/wp\/v2\/comments?post=2744"}],"version-history":[{"count":16,"href":"https:\/\/www.lamaisongourmande.ch\/site\/wp-json\/wp\/v2\/pages\/2744\/revisions"}],"predecessor-version":[{"id":2910,"href":"https:\/\/www.lamaisongourmande.ch\/site\/wp-json\/wp\/v2\/pages\/2744\/revisions\/2910"}],"wp:attachment":[{"href":"https:\/\/www.lamaisongourmande.ch\/site\/wp-json\/wp\/v2\/media?parent=2744"}],"curies":[{"name":"wp","href":"https:\/\/api.w.org\/{rel}","templated":true}]}}